{"id":2222,"date":"2020-01-27T12:52:07","date_gmt":"2020-01-27T12:52:07","guid":{"rendered":"https:\/\/www.centennialhoteltallinn.com\/?page_id=2222"},"modified":"2026-01-26T13:31:45","modified_gmt":"2026-01-26T13:31:45","slug":"sviit","status":"publish","type":"page","link":"https:\/\/www.centennialnexushotel.com\/et\/toad\/sviit\/","title":{"rendered":"ZEN Sviit"},"content":{"rendered":"<h1>ZEN Sviit<\/h1>\n<p>Luksuslik peatus Tallinna kesklinnas<\/p>\n","protected":false},"excerpt":{"rendered":"<p>ZEN Sviit Luksuslik peatus Tallinna kesklinnas<\/p>\n","protected":false},"author":2,"featured_media":0,"parent":662,"menu_order":0,"comment_status":"closed","ping_status":"closed","template":"template-rooms.php","meta":{"_acf_changed":false,"footnotes":""},"class_list":["post-2222","page","type-page","status-publish","hentry"],"acf":[],"yoast_head":"<!-- This site is optimized with the Yoast SEO plugin v25.4 - https:\/\/yoast.com\/wordpress\/plugins\/seo\/ -->\n<title>ZEN Sviit - Centennial Nexus Hotel Tallinn<\/title>\n<meta name=\"description\" content=\"Luksuslik sviit \u00fches parimas Tallinna kesklinna hotellis. Zen Sviit tuba pakub Sulle k\u00f5ike, mida \u00fcheks puhkuseks vaja on. Broneeri ja loe rohkem kodulehelt.\" \/>\n<meta name=\"robots\" content=\"index, follow, max-snippet:-1, max-image-preview:large, max-video-preview:-1\" \/>\n<link rel=\"canonical\" href=\"https:\/\/www.centennialnexushotel.com\/et\/toad\/sviit\/\" \/>\n<meta property=\"og:locale\" content=\"et_EE\" \/>\n<meta property=\"og:type\" content=\"article\" \/>\n<meta property=\"og:title\" content=\"Zen Sviit\" \/>\n<meta property=\"og:description\" content=\"Luksuslik sviit \u00fches parimas Tallinna kesklinna hotellis. Zen Sviit tuba pakub Sulle k\u00f5ike, mida \u00fcheks puhkuseks vaja on. Broneeri ja loe rohkem kodulehelt.\" \/>\n<meta property=\"og:url\" content=\"https:\/\/www.centennialnexushotel.com\/et\/toad\/sviit\/\" \/>\n<meta property=\"og:site_name\" content=\"Centennial Nexus Hotel Tallinn\" \/>\n<meta property=\"article:modified_time\" content=\"2026-01-26T13:31:45+00:00\" \/>\n<meta name=\"twitter:card\" content=\"summary_large_image\" \/>\n<meta name=\"twitter:label1\" content=\"Est. reading time\" \/>\n\t<meta name=\"twitter:data1\" content=\"1 minut\" \/>\n<script type=\"application\/ld+json\" class=\"yoast-schema-graph\">{\"@context\":\"https:\/\/schema.org\",\"@graph\":[{\"@type\":\"WebPage\",\"@id\":\"https:\/\/www.centennialnexushotel.com\/et\/toad\/sviit\/\",\"url\":\"https:\/\/www.centennialnexushotel.com\/et\/toad\/sviit\/\",\"name\":\"ZEN Sviit - Centennial Nexus Hotel Tallinn\",\"isPartOf\":{\"@id\":\"https:\/\/www.centennialnexushotel.com\/et\/#website\"},\"datePublished\":\"2020-01-27T12:52:07+00:00\",\"dateModified\":\"2026-01-26T13:31:45+00:00\",\"description\":\"Luksuslik sviit \u00fches parimas Tallinna kesklinna hotellis. Zen Sviit tuba pakub Sulle k\u00f5ike, mida \u00fcheks puhkuseks vaja on. Broneeri ja loe rohkem kodulehelt.\",\"breadcrumb\":{\"@id\":\"https:\/\/www.centennialnexushotel.com\/et\/toad\/sviit\/#breadcrumb\"},\"inLanguage\":\"et\",\"potentialAction\":[{\"@type\":\"ReadAction\",\"target\":[\"https:\/\/www.centennialnexushotel.com\/et\/toad\/sviit\/\"]}]},{\"@type\":\"BreadcrumbList\",\"@id\":\"https:\/\/www.centennialnexushotel.com\/et\/toad\/sviit\/#breadcrumb\",\"itemListElement\":[{\"@type\":\"ListItem\",\"position\":1,\"name\":\"Home\",\"item\":\"https:\/\/www.centennialnexushotel.com\/et\/\"},{\"@type\":\"ListItem\",\"position\":2,\"name\":\"Toad\",\"item\":\"https:\/\/www.centennialhoteltallinn.com\/et\/toad\/\"},{\"@type\":\"ListItem\",\"position\":3,\"name\":\"ZEN Sviit\"}]},{\"@type\":\"WebSite\",\"@id\":\"https:\/\/www.centennialnexushotel.com\/et\/#website\",\"url\":\"https:\/\/www.centennialnexushotel.com\/et\/\",\"name\":\"Centennial Nexus Hotel Tallinn\",\"description\":\"Work, Stay, Play \u2013 All in One Place\",\"publisher\":{\"@id\":\"https:\/\/www.centennialnexushotel.com\/et\/#organization\"},\"potentialAction\":[{\"@type\":\"SearchAction\",\"target\":{\"@type\":\"EntryPoint\",\"urlTemplate\":\"https:\/\/www.centennialnexushotel.com\/et\/?s={search_term_string}\"},\"query-input\":{\"@type\":\"PropertyValueSpecification\",\"valueRequired\":true,\"valueName\":\"search_term_string\"}}],\"inLanguage\":\"et\"},{\"@type\":\"Organization\",\"@id\":\"https:\/\/www.centennialnexushotel.com\/et\/#organization\",\"name\":\"Centennial Nexus Hotel Tallinn\",\"url\":\"https:\/\/www.centennialnexushotel.com\/et\/\",\"logo\":{\"@type\":\"ImageObject\",\"inLanguage\":\"et\",\"@id\":\"https:\/\/www.centennialnexushotel.com\/et\/#\/schema\/logo\/image\/\",\"url\":\"https:\/\/www.centennialnexushotel.com\/wp-content\/uploads\/sites\/13\/2024\/07\/Centennial-Nexus-Hotel-logo-250-wide.png\",\"contentUrl\":\"https:\/\/www.centennialnexushotel.com\/wp-content\/uploads\/sites\/13\/2024\/07\/Centennial-Nexus-Hotel-logo-250-wide.png\",\"width\":250,\"height\":91,\"caption\":\"Centennial Nexus Hotel Tallinn\"},\"image\":{\"@id\":\"https:\/\/www.centennialnexushotel.com\/et\/#\/schema\/logo\/image\/\"}}]}<\/script>\n<!-- \/ Yoast SEO plugin. -->","yoast_head_json":{"title":"ZEN Sviit - Centennial Nexus Hotel Tallinn","description":"Luksuslik sviit \u00fches parimas Tallinna kesklinna hotellis. Zen Sviit tuba pakub Sulle k\u00f5ike, mida \u00fcheks puhkuseks vaja on. Broneeri ja loe rohkem kodulehelt.","robots":{"index":"index","follow":"follow","max-snippet":"max-snippet:-1","max-image-preview":"max-image-preview:large","max-video-preview":"max-video-preview:-1"},"canonical":"https:\/\/www.centennialnexushotel.com\/et\/toad\/sviit\/","og_locale":"et_EE","og_type":"article","og_title":"Zen Sviit","og_description":"Luksuslik sviit \u00fches parimas Tallinna kesklinna hotellis. Zen Sviit tuba pakub Sulle k\u00f5ike, mida \u00fcheks puhkuseks vaja on. Broneeri ja loe rohkem kodulehelt.","og_url":"https:\/\/www.centennialnexushotel.com\/et\/toad\/sviit\/","og_site_name":"Centennial Nexus Hotel Tallinn","article_modified_time":"2026-01-26T13:31:45+00:00","twitter_card":"summary_large_image","twitter_misc":{"Est. reading time":"1 minut"},"schema":{"@context":"https:\/\/schema.org","@graph":[{"@type":"WebPage","@id":"https:\/\/www.centennialnexushotel.com\/et\/toad\/sviit\/","url":"https:\/\/www.centennialnexushotel.com\/et\/toad\/sviit\/","name":"ZEN Sviit - Centennial Nexus Hotel Tallinn","isPartOf":{"@id":"https:\/\/www.centennialnexushotel.com\/et\/#website"},"datePublished":"2020-01-27T12:52:07+00:00","dateModified":"2026-01-26T13:31:45+00:00","description":"Luksuslik sviit \u00fches parimas Tallinna kesklinna hotellis. Zen Sviit tuba pakub Sulle k\u00f5ike, mida \u00fcheks puhkuseks vaja on. Broneeri ja loe rohkem kodulehelt.","breadcrumb":{"@id":"https:\/\/www.centennialnexushotel.com\/et\/toad\/sviit\/#breadcrumb"},"inLanguage":"et","potentialAction":[{"@type":"ReadAction","target":["https:\/\/www.centennialnexushotel.com\/et\/toad\/sviit\/"]}]},{"@type":"BreadcrumbList","@id":"https:\/\/www.centennialnexushotel.com\/et\/toad\/sviit\/#breadcrumb","itemListElement":[{"@type":"ListItem","position":1,"name":"Home","item":"https:\/\/www.centennialnexushotel.com\/et\/"},{"@type":"ListItem","position":2,"name":"Toad","item":"https:\/\/www.centennialhoteltallinn.com\/et\/toad\/"},{"@type":"ListItem","position":3,"name":"ZEN Sviit"}]},{"@type":"WebSite","@id":"https:\/\/www.centennialnexushotel.com\/et\/#website","url":"https:\/\/www.centennialnexushotel.com\/et\/","name":"Centennial Nexus Hotel Tallinn","description":"Work, Stay, Play \u2013 All in One Place","publisher":{"@id":"https:\/\/www.centennialnexushotel.com\/et\/#organization"},"potentialAction":[{"@type":"SearchAction","target":{"@type":"EntryPoint","urlTemplate":"https:\/\/www.centennialnexushotel.com\/et\/?s={search_term_string}"},"query-input":{"@type":"PropertyValueSpecification","valueRequired":true,"valueName":"search_term_string"}}],"inLanguage":"et"},{"@type":"Organization","@id":"https:\/\/www.centennialnexushotel.com\/et\/#organization","name":"Centennial Nexus Hotel Tallinn","url":"https:\/\/www.centennialnexushotel.com\/et\/","logo":{"@type":"ImageObject","inLanguage":"et","@id":"https:\/\/www.centennialnexushotel.com\/et\/#\/schema\/logo\/image\/","url":"https:\/\/www.centennialnexushotel.com\/wp-content\/uploads\/sites\/13\/2024\/07\/Centennial-Nexus-Hotel-logo-250-wide.png","contentUrl":"https:\/\/www.centennialnexushotel.com\/wp-content\/uploads\/sites\/13\/2024\/07\/Centennial-Nexus-Hotel-logo-250-wide.png","width":250,"height":91,"caption":"Centennial Nexus Hotel Tallinn"},"image":{"@id":"https:\/\/www.centennialnexushotel.com\/et\/#\/schema\/logo\/image\/"}}]}},"_links":{"self":[{"href":"https:\/\/www.centennialnexushotel.com\/et\/wp-json\/wp\/v2\/pages\/2222","targetHints":{"allow":["GET"]}}],"collection":[{"href":"https:\/\/www.centennialnexushotel.com\/et\/wp-json\/wp\/v2\/pages"}],"about":[{"href":"https:\/\/www.centennialnexushotel.com\/et\/wp-json\/wp\/v2\/types\/page"}],"author":[{"embeddable":true,"href":"https:\/\/www.centennialnexushotel.com\/et\/wp-json\/wp\/v2\/users\/2"}],"replies":[{"embeddable":true,"href":"https:\/\/www.centennialnexushotel.com\/et\/wp-json\/wp\/v2\/comments?post=2222"}],"version-history":[{"count":44,"href":"https:\/\/www.centennialnexushotel.com\/et\/wp-json\/wp\/v2\/pages\/2222\/revisions"}],"predecessor-version":[{"id":5919,"href":"https:\/\/www.centennialnexushotel.com\/et\/wp-json\/wp\/v2\/pages\/2222\/revisions\/5919"}],"up":[{"embeddable":true,"href":"https:\/\/www.centennialnexushotel.com\/et\/wp-json\/wp\/v2\/pages\/662"}],"wp:attachment":[{"href":"https:\/\/www.centennialnexushotel.com\/et\/wp-json\/wp\/v2\/media?parent=2222"}],"curies":[{"name":"wp","href":"https:\/\/api.w.org\/{rel}","templated":true}]}}